{"id":6,"date":"2021-12-14T11:32:12","date_gmt":"2021-12-14T10:32:12","guid":{"rendered":"https:\/\/esynt.pro\/?page_id=6"},"modified":"2021-12-14T11:42:20","modified_gmt":"2021-12-14T10:42:20","slug":"le-nouveau-e-mucem-ouvre-ses-portes-2","status":"publish","type":"page","link":"https:\/\/esynt.pro\/","title":{"rendered":"eSynt"},"content":{"rendered":"\n<div class=\"wp-block-group alignwide\"><div class=\"wp-block-group__inner-container\">\n<h2 class=\"has-text-align-center\">Under construction<\/h2>\n<\/div><\/div>\n\n\n\n<div class=\"wp-block-columns alignwide\">\n<div class=\"wp-block-column\">\n<div class=\"wp-block-group\"><div class=\"wp-block-group__inner-container\">\n<figure class=\"wp-block-image alignfull size-full\"><img src=\"https:\/\/esynt.pro\/wp-content\/themes\/twentytwenty\/assets\/images\/2020-three-quarters-1.png\" alt=\"\" class=\"wp-image-37\"\/><\/figure>\n\n\n\n<h3>eSynt<\/h3>\n\n\n\n<p>1er ao\u00fbt au 1er d\u00e9cembre<\/p>\n\n\n\n<div class=\"wp-block-button is-style-outline\"><a class=\"wp-block-button__link\" href=\"https:\/\/make.wordpress.org\/core\/2019\/09\/27\/block-editor-theme-related-updates-in-wordpress-5-3\/\">Lire la suite<\/a><\/div>\n<\/div><\/div>\n\n\n\n<div class=\"wp-block-group\"><div class=\"wp-block-group__inner-container\"><\/div><\/div>\n<\/div>\n\n\n\n<div class=\"wp-block-column\">\n<div class=\"wp-block-group\"><div class=\"wp-block-group__inner-container\">\n<figure class=\"wp-block-image alignfull size-full\"><img src=\"https:\/\/esynt.pro\/wp-content\/themes\/twentytwenty\/assets\/images\/2020-three-quarters-2.png\" alt=\"\" class=\"wp-image-37\"\/><\/figure>\n\n\n\n<h3>Executive Interim<\/h3>\n\n\n\n<p>1er ao\u00fbt au 1er d\u00e9cembre<\/p>\n\n\n\n<div class=\"wp-block-button is-style-outline\"><a class=\"wp-block-button__link\" href=\"https:\/\/make.wordpress.org\/core\/2019\/09\/27\/block-editor-theme-related-updates-in-wordpress-5-3\/\">Lire la suite<\/a><\/div>\n<\/div><\/div>\n\n\n\n<div class=\"wp-block-group\"><div class=\"wp-block-group__inner-container\"><\/div><\/div>\n<\/div>\n<\/div>\n\n\n\n<figure class=\"wp-block-image alignfull size-full\"><img src=\"https:\/\/esynt.pro\/wp-content\/themes\/twentytwenty\/assets\/images\/2020-landscape-2.png\" alt=\"\" class=\"wp-image-37\"\/><\/figure>\n\n\n\n<div class=\"wp-block-group alignwide\"><div class=\"wp-block-group__inner-container\"><\/div><\/div>\n\n\n\n<p><\/p>\n\n\n\n<figure class=\"wp-block-gallery alignwide columns-2 is-cropped\"><ul class=\"blocks-gallery-grid\"><li class=\"blocks-gallery-item\"><figure><img src=\"https:\/\/esynt.pro\/wp-content\/themes\/twentytwenty\/assets\/images\/2020-square-2.png\" alt=\"\" data-id=\"39\" data-full-url=\"https:\/\/esynt.pro\/wp-content\/themes\/twentytwenty\/assets\/images\/2020-square-2.png\" data-link=\"assets\/images\/2020-square-2\/\" class=\"wp-image-39\"\/><\/figure><\/li><li class=\"blocks-gallery-item\"><figure><img src=\"https:\/\/esynt.pro\/wp-content\/themes\/twentytwenty\/assets\/images\/2020-square-1.png\" alt=\"\" data-id=\"38\" data-full-url=\"https:\/\/esynt.pro\/wp-content\/themes\/twentytwenty\/assets\/images\/2020-square-1.png\" data-link=\"https:\/\/esynt.pro\/wp-content\/themes\/twentytwenty\/assets\/images\/2020-square-1\/\" class=\"wp-image-38\"\/><\/figure><\/li><\/ul><\/figure>\n","protected":false},"excerpt":{"rendered":"<p>Under construction eSynt 1er ao\u00fbt au 1er d\u00e9cembre Executive Interim 1er ao\u00fbt au 1er d\u00e9cembre<\/p>\n","protected":false},"author":1,"featured_media":5,"parent":0,"menu_order":0,"comment_status":"closed","ping_status":"closed","template":"","meta":[],"_links":{"self":[{"href":"https:\/\/esynt.pro\/index.php\/wp-json\/wp\/v2\/pages\/6"}],"collection":[{"href":"https:\/\/esynt.pro\/index.php\/wp-json\/wp\/v2\/pages"}],"about":[{"href":"https:\/\/esynt.pro\/index.php\/wp-json\/wp\/v2\/types\/page"}],"author":[{"embeddable":true,"href":"https:\/\/esynt.pro\/index.php\/wp-json\/wp\/v2\/users\/1"}],"replies":[{"embeddable":true,"href":"https:\/\/esynt.pro\/index.php\/wp-json\/wp\/v2\/comments?post=6"}],"version-history":[{"count":4,"href":"https:\/\/esynt.pro\/index.php\/wp-json\/wp\/v2\/pages\/6\/revisions"}],"predecessor-version":[{"id":31,"href":"https:\/\/esynt.pro\/index.php\/wp-json\/wp\/v2\/pages\/6\/revisions\/31"}],"wp:featuredmedia":[{"embeddable":true,"href":"https:\/\/esynt.pro\/index.php\/wp-json\/wp\/v2\/media\/5"}],"wp:attachment":[{"href":"https:\/\/esynt.pro\/index.php\/wp-json\/wp\/v2\/media?parent=6"}],"curies":[{"name":"wp","href":"https:\/\/api.w.org\/{rel}","templated":true}]}}